{"id":192,"date":"2016-11-10T07:29:14","date_gmt":"2016-11-10T07:29:14","guid":{"rendered":"http:\/\/sabinawaszut.pl\/?page_id=192"},"modified":"2023-10-11T16:53:43","modified_gmt":"2023-10-11T16:53:43","slug":"o-autorce","status":"publish","type":"page","link":"https:\/\/sabinawaszut.pl\/","title":{"rendered":"O AUTORCE"},"content":{"rendered":"<div class=\"\">\n<div id=\"autorDetaledivList\" class=\"border-top space-15-t border-szary\">\n<div id=\"tab-a-lang-author-title-about-author-div\">\n<p><strong><a href=\"http:\/\/sabinawaszut.pl\/wp-content\/uploads\/2022\/02\/IMG_2355-2.jpg\"><img loading=\"lazy\" class=\"aligncenter  wp-image-590\" src=\"http:\/\/sabinawaszut.pl\/wp-content\/uploads\/2022\/02\/IMG_2355-2.jpg\" alt=\"\" width=\"451\" height=\"612\" srcset=\"https:\/\/sabinawaszut.pl\/wp-content\/uploads\/2022\/02\/IMG_2355-2.jpg 1669w, https:\/\/sabinawaszut.pl\/wp-content\/uploads\/2022\/02\/IMG_2355-2-221x300.jpg 221w, https:\/\/sabinawaszut.pl\/wp-content\/uploads\/2022\/02\/IMG_2355-2-755x1024.jpg 755w, https:\/\/sabinawaszut.pl\/wp-content\/uploads\/2022\/02\/IMG_2355-2-768x1042.jpg 768w, https:\/\/sabinawaszut.pl\/wp-content\/uploads\/2022\/02\/IMG_2355-2-1132x1536.jpg 1132w, https:\/\/sabinawaszut.pl\/wp-content\/uploads\/2022\/02\/IMG_2355-2-1510x2048.jpg 1510w, https:\/\/sabinawaszut.pl\/wp-content\/uploads\/2022\/02\/IMG_2355-2-1140x1546.jpg 1140w\" sizes=\"(max-width: 451px) 100vw, 451px\" \/><\/a><\/strong><a href=\"http:\/\/sabinawaszut.pl\/wp-content\/uploads\/2021\/04\/IMG_7445.jpg\"><br \/><\/a><a href=\"http:\/\/sabinawaszut.pl\/wp-content\/uploads\/2020\/10\/foto-12-scaled.jpg\"><br \/><\/a><\/p>\n<p><strong>Sabina Waszut \u2013 rocznik 1979. Polska pisarka i felietonistka.<\/strong> <br \/>Autorka kilkunastu powie\u015bci historycznych i obyczajowych. Debiutancka powie\u015b\u0107 \u201eRozdro\u017ca\u201d (wyd. Muza) zosta\u0142a nominowana do Nagrody Literackiej Europy \u015arodkowej \u201eAngelus\u201d za rok 2014. Na Festiwalu Literatury Kobiet w Siedlcach ksi\u0105\u017cka zdoby\u0142a nagrod\u0119 g\u0142\u00f3wn\u0105 kategorii \u201ePi\u00f3ro\u201d dla najbardziej poruszaj\u0105cej polskiej powie\u015bci roku 2014. Za powie\u015b\u0107 \u201eNarzeczona z getta\u201d (wyd. Ksi\u0105\u017cnica) i \u201eEmigranci. Podr\u00f3\u017c za horyzont\u201d (wyd. Ksi\u0105\u017cnica) autorka zosta\u0142a nominowana do nagrody \u201eKsi\u0105\u017cka Roku\u201d portalu lubimyczyta\u0107. Laureatka Nagrody Prezydenta Miasta Chorz\u00f3w w Dziedzinie Kultury. Wsp\u00f3\u0142pracuje z miesi\u0119cznikiem kulturalnym Chorz\u00f3w Miasto Kultury, gdzie pisze felietony i opowiadania w odcinkach. Mieszka na \u015al\u0105sku. Najcz\u0119\u015bciej mo\u017cna j\u0105 spotka\u0107 na g\u00f3rskich szlakach.<\/p>\n<\/div>\n<\/div>\n<\/div>\n\n\n<p><\/p>\n","protected":false},"excerpt":{"rendered":"<p>Sabina Waszut \u2013 rocznik 1979. Polska pisarka i felietonistka. Autorka kilkunastu powie\u015bci historycznych i obyczajowych. Debiutancka powie\u015b\u0107 \u201eRozdro\u017ca\u201d (wyd. Muza) zosta\u0142a nominowana do Nagrody Literackiej Europy \u015arodkowej \u201eAngelus\u201d za rok 2014. Na Festiwalu Literatury Kobiet w Siedlcach ksi\u0105\u017cka zdoby\u0142a nagrod\u0119 g\u0142\u00f3wn\u0105 kategorii \u201ePi\u00f3ro\u201d dla najbardziej poruszaj\u0105cej polskiej powie\u015bci roku 2014. Za powie\u015b\u0107 \u201eNarzeczona z getta\u201d (wyd. Ksi\u0105\u017cnica) i \u201eEmigranci. Podr\u00f3\u017c za horyzont\u201d (wyd. Ksi\u0105\u017cnica) autorka zosta\u0142a nominowana do nagrody \u201eKsi\u0105\u017cka Roku\u201d portalu lubimyczyta\u0107. Laureatka Nagrody Prezydenta Miasta Chorz\u00f3w w Dziedzinie Kultury. Wsp\u00f3\u0142pracuje z miesi\u0119cznikiem kulturalnym Chorz\u00f3w Miasto Kultury, gdzie pisze felietony i opowiadania w odcinkach. Mieszka na \u015al\u0105sku. Najcz\u0119\u015bciej mo\u017cna j\u0105 spotka\u0107 na g\u00f3rskich szlakach.<\/p>\n","protected":false},"author":1,"featured_media":0,"parent":0,"menu_order":0,"comment_status":"closed","ping_status":"closed","template":"","meta":[],"_links":{"self":[{"href":"https:\/\/sabinawaszut.pl\/index.php?rest_route=\/wp\/v2\/pages\/192"}],"collection":[{"href":"https:\/\/sabinawaszut.pl\/index.php?rest_route=\/wp\/v2\/pages"}],"about":[{"href":"https:\/\/sabinawaszut.pl\/index.php?rest_route=\/wp\/v2\/types\/page"}],"author":[{"embeddable":true,"href":"https:\/\/sabinawaszut.pl\/index.php?rest_route=\/wp\/v2\/users\/1"}],"replies":[{"embeddable":true,"href":"https:\/\/sabinawaszut.pl\/index.php?rest_route=%2Fwp%2Fv2%2Fcomments&post=192"}],"version-history":[{"count":19,"href":"https:\/\/sabinawaszut.pl\/index.php?rest_route=\/wp\/v2\/pages\/192\/revisions"}],"predecessor-version":[{"id":608,"href":"https:\/\/sabinawaszut.pl\/index.php?rest_route=\/wp\/v2\/pages\/192\/revisions\/608"}],"wp:attachment":[{"href":"https:\/\/sabinawaszut.pl\/index.php?rest_route=%2Fwp%2Fv2%2Fmedia&parent=192"}],"curies":[{"name":"wp","href":"https:\/\/api.w.org\/{rel}","templated":true}]}}